{"id":12440,"date":"2025-04-05T21:50:21","date_gmt":"2025-04-05T21:50:21","guid":{"rendered":"https:\/\/casarhino.com\/?page_id=12440"},"modified":"2025-05-05T16:44:24","modified_gmt":"2025-05-05T16:44:24","slug":"lgbt","status":"publish","type":"page","link":"https:\/\/casarhino.com\/es\/lgbt\/","title":{"rendered":"LGBT"},"content":{"rendered":"<div data-elementor-type=\"wp-page\" data-elementor-id=\"12440\" class=\"elementor elementor-12440\">\n\t\t\t\t<div class=\"elementor-element elementor-element-4d21d400 e-flex e-con-boxed e-con e-parent\" data-id=\"4d21d400\" data-element_type=\"container\" data-settings=\"{&quot;background_background&quot;:&quot;classic&quot;}\">\n\t\t\t\t\t<div class=\"e-con-inner\">\n\t\t<div class=\"elementor-element elementor-element-12e4c27c e-con-full e-flex e-con e-child\" data-id=\"12e4c27c\" data-element_type=\"container\">\n\t\t\t\t<div class=\"elementor-element elementor-element-1f3ab06c elementor-widget elementor-widget-heading\" data-id=\"1f3ab06c\" data-element_type=\"widget\" data-widget_type=\"heading.default\">\n\t\t\t\t<div class=\"elementor-widget-container\">\n\t\t\t\t\t<h1 class=\"elementor-heading-title elementor-size-default\">Estancia Amigable con la Comunidad LGBTQ+<\/h1>\t\t\t\t<\/div>\n\t\t\t\t<\/div>\n\t\t\t\t<div class=\"elementor-element elementor-element-53ca0ef8 elementor-widget__width-initial elementor-widget elementor-widget-text-editor\" data-id=\"53ca0ef8\" data-element_type=\"widget\" data-widget_type=\"text-editor.default\">\n\t\t\t\t<div class=\"elementor-widget-container\">\n\t\t\t\t\t\t\t\t\t<p>Orgullosos de ser un alojamiento amigable con la comunidad LGBTQ+ en Puerto Escondido.<\/p>\t\t\t\t\t\t\t\t<\/div>\n\t\t\t\t<\/div>\n\t\t\t\t<\/div>\n\t\t\t\t\t<\/div>\n\t\t\t\t<\/div>\n\t\t<div class=\"elementor-element elementor-element-1a4fefd6 e-flex e-con-boxed e-con e-parent\" data-id=\"1a4fefd6\" data-element_type=\"container\">\n\t\t\t\t\t<div class=\"e-con-inner\">\n\t\t<div class=\"elementor-element elementor-element-632ee224 e-con-full e-flex e-con e-child\" data-id=\"632ee224\" data-element_type=\"container\">\n\t\t\t\t<div class=\"elementor-element elementor-element-64f4b71c elementor-widget elementor-widget-image\" data-id=\"64f4b71c\" data-element_type=\"widget\" data-widget_type=\"image.default\">\n\t\t\t\t<div class=\"elementor-widget-container\">\n\t\t\t\t\t\t\t\t\t\t\t\t\t\t\t<img decoding=\"async\" src=\"https:\/\/casarhino.com\/wp-content\/uploads\/2016\/10\/IMG-20180830-WA0027-300x400.jpg\" title=\"IMG-20180830-WA0027\" alt=\"IMG-20180830-WA0027\" loading=\"lazy\" \/>\t\t\t\t\t\t\t\t\t\t\t\t\t\t\t<\/div>\n\t\t\t\t<\/div>\n\t\t\t\t<\/div>\n\t\t<div class=\"elementor-element elementor-element-2a1015df e-con-full e-flex e-con e-child\" data-id=\"2a1015df\" data-element_type=\"container\">\n\t\t\t\t<div class=\"elementor-element elementor-element-43ec99af elementor-widget elementor-widget-image\" data-id=\"43ec99af\" data-element_type=\"widget\" data-widget_type=\"image.default\">\n\t\t\t\t<div class=\"elementor-widget-container\">\n\t\t\t\t\t\t\t\t\t\t\t\t\t\t\t<img decoding=\"async\" src=\"https:\/\/casarhino.com\/wp-content\/uploads\/2016\/10\/Casa-Rhino-23-1-scaled-300x400.jpg\" title=\"Casa Rhino 23\" alt=\"Casa Rhino 23\" loading=\"lazy\" \/>\t\t\t\t\t\t\t\t\t\t\t\t\t\t\t<\/div>\n\t\t\t\t<\/div>\n\t\t\t\t<\/div>\n\t\t<div class=\"elementor-element elementor-element-35145d7f e-con-full e-flex e-con e-child\" data-id=\"35145d7f\" data-element_type=\"container\">\n\t\t\t\t<div class=\"elementor-element elementor-element-3e435b1d button-primary elementor-widget elementor-widget-thim-heading\" data-id=\"3e435b1d\" data-element_type=\"widget\" data-widget_type=\"thim-heading.default\">\n\t\t\t\t<div class=\"elementor-widget-container\">\n\t\t\t\t\t<div class=\"thim-widget-heading template-default\"><div class=\"thim-sc-heading\" >\n\t\t<div class=\"article_heading\">\n\t\t\t<h2  class=\"heading_secondary\">Alojamiento Amigable con la Comunidad LGBTQ+ en Puerto Escondido<\/h2>\n\t\t\t\n\t\t\t<div class=\"heading-des\">En Casa Rhino, creemos en celebrar la diversidad y crear un espacio acogedor para todos. Ubicada en la impresionante ciudad costera de Puerto Escondido, M\u00e9xico, nuestra lujosa villa frente al mar ofrece un retiro id\u00edlico para viajeros de todos los caminos de la vida, incluidos aquellos que se identifican como parte de la comunidad LGBTQ+.<\/div>\n\t\t\t\n\t\t<\/div>\n\t<\/div><\/div>\t\t\t\t<\/div>\n\t\t\t\t<\/div>\n\t\t\t\t<\/div>\n\t\t\t\t\t<\/div>\n\t\t\t\t<\/div>\n\t\t\t\t<section class=\"elementor-section elementor-top-section elementor-element elementor-element-6feae03b elementor-section-stretched elementor-section-boxed elementor-section-height-default elementor-section-height-default\" data-id=\"6feae03b\" data-element_type=\"section\" data-settings=\"{&quot;stretch_section&quot;:&quot;section-stretched&quot;,&quot;background_background&quot;:&quot;classic&quot;}\">\n\t\t\t\t\t\t<div class=\"elementor-container elementor-column-gap-default\">\n\t\t\t\t\t<div class=\"elementor-column elementor-col-100 elementor-top-column elementor-element elementor-element-3aabd8b6\" data-id=\"3aabd8b6\" data-element_type=\"column\">\n\t\t\t<div class=\"elementor-widget-wrap elementor-element-populated\">\n\t\t\t\t\t\t<div class=\"elementor-element elementor-element-7c3d3191 elementor-widget elementor-widget-spacer\" data-id=\"7c3d3191\" data-element_type=\"widget\" data-widget_type=\"spacer.default\">\n\t\t\t\t<div class=\"elementor-widget-container\">\n\t\t\t\t\t\t\t<div class=\"elementor-spacer\">\n\t\t\t<div class=\"elementor-spacer-inner\"><\/div>\n\t\t<\/div>\n\t\t\t\t\t\t<\/div>\n\t\t\t\t<\/div>\n\t\t\t\t<div class=\"elementor-element elementor-element-314d13f9 elementor-widget elementor-widget-thim-heading\" data-id=\"314d13f9\" data-element_type=\"widget\" data-widget_type=\"thim-heading.default\">\n\t\t\t\t<div class=\"elementor-widget-container\">\n\t\t\t\t\t<div class=\"thim-widget-heading template-default\"><div class=\"thim-sc-heading\" >\n\t\t<div class=\"article_heading\">\n\t\t\t<h2  class=\"heading_secondary\">\u00bfPor qu\u00e9 elegir Casa Rhino?<\/h2>\n\t\t\t\n\t\t\t\n\t\t\t\n\t\t<\/div>\n\t<\/div><\/div>\t\t\t\t<\/div>\n\t\t\t\t<\/div>\n\t\t\t\t\t<\/div>\n\t\t<\/div>\n\t\t\t\t\t<\/div>\n\t\t<\/section>\n\t\t\t\t<section class=\"elementor-section elementor-top-section elementor-element elementor-element-69c1fc6f elementor-section-stretched elementor-section-boxed elementor-section-height-default elementor-section-height-default\" data-id=\"69c1fc6f\" data-element_type=\"section\" data-settings=\"{&quot;stretch_section&quot;:&quot;section-stretched&quot;,&quot;background_background&quot;:&quot;classic&quot;}\">\n\t\t\t\t\t\t<div class=\"elementor-container elementor-column-gap-default\">\n\t\t\t\t\t<div class=\"elementor-column elementor-col-33 elementor-top-column elementor-element elementor-element-5dcab470\" data-id=\"5dcab470\" data-element_type=\"column\">\n\t\t\t<div class=\"elementor-widget-wrap elementor-element-populated\">\n\t\t\t\t\t\t<div class=\"elementor-element elementor-element-19e109 elementor-widget elementor-widget-thim-ekits-heading\" data-id=\"19e109\" data-element_type=\"widget\" data-widget_type=\"thim-ekits-heading.default\">\n\t\t\t\t<div class=\"elementor-widget-container\">\n\t\t\t\t\t<div class=\"thim-ekits-heading thim-ekit__heading\"><h3 class=\"title\">Un Santuario <br> Para Todos<\/h3>\t\t\t<div class='desc'>\n\t\t\t\t<p>Casa Rhino se enorgullece de ser un establecimiento amigable con la comunidad LGBTQ+. Nuestro compromiso con la inclusi\u00f3n asegura que cada hu\u00e9sped se sienta celebrado y valorado. Ya sea que est\u00e9s descansando en la playa o disfrutando de aventuras locales, encontrar\u00e1s una comunidad que valora la autenticidad y la diversidad.<\/p>\t\t\t<\/div>\n\t\t<\/div>\t\t\t\t<\/div>\n\t\t\t\t<\/div>\n\t\t\t\t\t<\/div>\n\t\t<\/div>\n\t\t\t\t<div class=\"elementor-column elementor-col-33 elementor-top-column elementor-element elementor-element-7b44263c\" data-id=\"7b44263c\" data-element_type=\"column\">\n\t\t\t<div class=\"elementor-widget-wrap elementor-element-populated\">\n\t\t\t\t\t\t<div class=\"elementor-element elementor-element-7f9a4329 elementor-widget elementor-widget-thim-ekits-heading\" data-id=\"7f9a4329\" data-element_type=\"widget\" data-widget_type=\"thim-ekits-heading.default\">\n\t\t\t\t<div class=\"elementor-widget-container\">\n\t\t\t\t\t<div class=\"thim-ekits-heading thim-ekit__heading\"><h3 class=\"title\">Experimenta la Vibrante Comunidad de Puerto Escondido<\/h3>\t\t\t<div class='desc'>\n\t\t\t\t<p>Puerto Escondido es conocido por su vibrante comunidad LGBTQ+, sus amables habitantes y su c\u00e1lida hospitalidad. Este para\u00edso tropical ofrece una combinaci\u00f3n perfecta de relajaci\u00f3n y aventura, donde puedes disfrutar del sol, el surf y paisajes impresionantes en un ambiente inclusivo.<\/p>\t\t\t<\/div>\n\t\t<\/div>\t\t\t\t<\/div>\n\t\t\t\t<\/div>\n\t\t\t\t\t<\/div>\n\t\t<\/div>\n\t\t\t\t<div class=\"elementor-column elementor-col-33 elementor-top-column elementor-element elementor-element-3edabd23\" data-id=\"3edabd23\" data-element_type=\"column\">\n\t\t\t<div class=\"elementor-widget-wrap elementor-element-populated\">\n\t\t\t\t\t\t<div class=\"elementor-element elementor-element-5862b5bb elementor-widget elementor-widget-thim-ekits-heading\" data-id=\"5862b5bb\" data-element_type=\"widget\" data-widget_type=\"thim-ekits-heading.default\">\n\t\t\t\t<div class=\"elementor-widget-container\">\n\t\t\t\t\t<div class=\"thim-ekits-heading thim-ekit__heading\"><h3 class=\"title\">\u00danete a nosotros en Casa Rhino<\/h3>\t\t\t<div class='desc'>\n\t\t\t\t<div class=\"fl-col fl-node-wza14e0rqcxh fl-col-small fl-col-small-full-width\" data-node=\"wza14e0rqcxh\"><div class=\"fl-col-content fl-node-content\"><div class=\"fl-module fl-module-pp-heading fl-node-inzl3fy6k1dr inline\" data-node=\"inzl3fy6k1dr\"><div class=\"fl-module-content fl-node-content\"><div class=\"pp-heading-content\"><div class=\"pp-sub-heading\"><p>Ad\u00e9ntrate en un mundo donde la inclusi\u00f3n y el lujo se complementan perfectamente. Ya sea que viajes solo, con una pareja o con un grupo de amigos, Casa Rhino te da la bienvenida a una escapada inolvidable donde todos se sienten como en casa. Te invitamos a experimentar el encanto \u00fanico y la calidez de nuestra comunidad.<\/p><\/div><\/div><\/div><\/div><\/div><\/div>\t\t\t<\/div>\n\t\t<\/div>\t\t\t\t<\/div>\n\t\t\t\t<\/div>\n\t\t\t\t\t<\/div>\n\t\t<\/div>\n\t\t\t\t\t<\/div>\n\t\t<\/section>\n\t\t<div class=\"elementor-element elementor-element-5bcdbd6b e-flex e-con-boxed e-con e-parent\" data-id=\"5bcdbd6b\" data-element_type=\"container\" data-settings=\"{&quot;background_background&quot;:&quot;classic&quot;}\">\n\t\t\t\t\t<div class=\"e-con-inner\">\n\t\t\t\t<div class=\"elementor-element elementor-element-447f49a2 elementor-widget elementor-widget-thim-ekits-button\" data-id=\"447f49a2\" data-element_type=\"widget\" data-widget_type=\"thim-ekits-button.default\">\n\t\t\t\t<div class=\"elementor-widget-container\">\n\t\t\t\t\t\n\t\t<div class=\"thim-ekits-button\">\n\t\t\t<a href=\"https:\/\/book.prestigebookingchannel.com\/booking.php?propid=247718&#038;referer=Website\" target=\"_blank\" role=\"button\">\n\t\t\t\t<span class=\"button-content-wrapper\">\n\t\t\t\t\tRESERVA AHORA\t\t\t\t<\/span>\n\t\t\t<\/a>\n\t\t<\/div>\n\n\t\t\t\t\t\t<\/div>\n\t\t\t\t<\/div>\n\t\t\t\t\t<\/div>\n\t\t\t\t<\/div>\n\t\t\t\t<\/div>","protected":false},"excerpt":{"rendered":"<p>LGBT Friendly Stay Proud to be a LGBT friendly accommodation in Puerto Escondido LGBT Friendly Accommodation in Puerto Escondido At Casa Rhino, we believe in celebrating diversity and creating a welcoming space for everyone. Nestled in the breathtaking coastal town of Puerto Escondido, Mexico, our luxurious beachfront villa offers an&#8230;<\/p>","protected":false},"author":1,"featured_media":0,"parent":0,"menu_order":0,"comment_status":"closed","ping_status":"closed","template":"elementor_header_footer","meta":{"footnotes":""},"class_list":["post-12440","page","type-page","status-publish","hentry"],"_links":{"self":[{"href":"https:\/\/casarhino.com\/es\/wp-json\/wp\/v2\/pages\/12440","targetHints":{"allow":["GET"]}}],"collection":[{"href":"https:\/\/casarhino.com\/es\/wp-json\/wp\/v2\/pages"}],"about":[{"href":"https:\/\/casarhino.com\/es\/wp-json\/wp\/v2\/types\/page"}],"author":[{"embeddable":true,"href":"https:\/\/casarhino.com\/es\/wp-json\/wp\/v2\/users\/1"}],"replies":[{"embeddable":true,"href":"https:\/\/casarhino.com\/es\/wp-json\/wp\/v2\/comments?post=12440"}],"version-history":[{"count":22,"href":"https:\/\/casarhino.com\/es\/wp-json\/wp\/v2\/pages\/12440\/revisions"}],"predecessor-version":[{"id":12731,"href":"https:\/\/casarhino.com\/es\/wp-json\/wp\/v2\/pages\/12440\/revisions\/12731"}],"wp:attachment":[{"href":"https:\/\/casarhino.com\/es\/wp-json\/wp\/v2\/media?parent=12440"}],"curies":[{"name":"wp","href":"https:\/\/api.w.org\/{rel}","templated":true}]}}