{"id":11127,"date":"2024-12-05T15:22:42","date_gmt":"2024-12-05T08:22:42","guid":{"rendered":"https:\/\/luxstay.thimpress.com\/element-1\/?page_id=11127"},"modified":"2025-05-26T10:00:49","modified_gmt":"2025-05-26T10:00:49","slug":"terms-conditions","status":"publish","type":"page","link":"https:\/\/casarhino.com\/es\/terms-conditions\/","title":{"rendered":"T\u00e9rminos y Condiciones"},"content":{"rendered":"<div data-elementor-type=\"wp-page\" data-elementor-id=\"11127\" class=\"elementor elementor-11127\">\n\t\t\t\t<div class=\"elementor-element elementor-element-9eabd60 e-flex e-con-boxed e-con e-parent\" data-id=\"9eabd60\" data-element_type=\"container\" data-settings=\"{&quot;background_background&quot;:&quot;classic&quot;}\">\n\t\t\t\t\t<div class=\"e-con-inner\">\n\t\t\t\t<div class=\"elementor-element elementor-element-024c0ea elementor-widget elementor-widget-heading\" data-id=\"024c0ea\" data-element_type=\"widget\" data-widget_type=\"heading.default\">\n\t\t\t\t<div class=\"elementor-widget-container\">\n\t\t\t\t\t<h1 class=\"elementor-heading-title elementor-size-default\">T\u00e9rminos y Condiciones<\/h1>\t\t\t\t<\/div>\n\t\t\t\t<\/div>\n\t\t\t\t\t<\/div>\n\t\t\t\t<\/div>\n\t\t<div class=\"elementor-element elementor-element-3124de9 e-flex e-con-boxed e-con e-parent\" data-id=\"3124de9\" data-element_type=\"container\">\n\t\t\t\t\t<div class=\"e-con-inner\">\n\t\t\t\t<div class=\"elementor-element elementor-element-05ce034 elementor-widget__width-initial elementor-widget elementor-widget-text-editor\" data-id=\"05ce034\" data-element_type=\"widget\" data-widget_type=\"text-editor.default\">\n\t\t\t\t<div class=\"elementor-widget-container\">\n\t\t\t\t\t\t\t\t\t<h3 data-start=\"93\" data-end=\"134\"><strong data-start=\"97\" data-end=\"134\">T\u00e9rminos y Condiciones \u2013 Casa Rhino<\/strong><\/h3><h4 data-start=\"136\" data-end=\"158\">1. Introducci\u00f3n<\/h4><p data-start=\"159\" data-end=\"345\">Bienvenido a Casa Rhino. Al acceder a nuestro sitio web o realizar una reserva, usted acepta los siguientes t\u00e9rminos y condiciones. Le recomendamos leerlos detenidamente antes de confirmar su estancia.<\/p><h4 data-start=\"347\" data-end=\"369\">2. Reservaciones<\/h4><p data-start=\"370\" data-end=\"579\"><strong data-start=\"370\" data-end=\"394\">Proceso de reservaci\u00f3n:<\/strong> Una vez confirmada su reserva, recibir\u00e1 un correo electr\u00f3nico con todos los detalles. Es su responsabilidad verificar la informaci\u00f3n y notificarnos de inmediato si hay alg\u00fan error.<\/p><p data-start=\"581\" data-end=\"705\"><strong data-start=\"581\" data-end=\"594\">Pagos:<\/strong> Todas las reservaciones se pagan en l\u00ednea. Los m\u00e9todos de pago aceptados se indicar\u00e1n durante el proceso de reserva.<\/p><p data-start=\"707\" data-end=\"785\"><strong data-start=\"707\" data-end=\"740\">Cancelaciones despu\u00e9s del check-in:<\/strong> No se realizar\u00e1n reembolsos por noches no utilizadas.<\/p><h4 data-start=\"787\" data-end=\"802\">3. Tarifas<\/h4><p data-start=\"803\" data-end=\"958\">Las tarifas est\u00e1n expresadas en pesos mexicanos (MXN) e incluyen impuestos, salvo que se indique lo contrario. Pueden variar seg\u00fan la temporada, la demanda o las promociones vigentes.<\/p><h4 data-start=\"960\" data-end=\"987\">4. Pol\u00edticas de la propiedad<\/h4><p data-start=\"989\" data-end=\"1024\"><strong data-start=\"989\" data-end=\"1022\">Horarios de entrada y salida:<\/strong><\/p><ul data-start=\"1025\" data-end=\"1082\"><li data-start=\"1025\" data-end=\"1051\"><p data-start=\"1027\" data-end=\"1051\">Check-in: a partir de las 15:00 horas<\/p><\/li><li data-start=\"1052\" data-end=\"1082\"><p data-start=\"1054\" data-end=\"1082\">Check-out: antes de las 11:00 horas<\/p><\/li><\/ul><p data-start=\"1084\" data-end=\"1144\"><strong data-start=\"1084\" data-end=\"1093\">Mascotas:<\/strong> Se permiten mascotas bajo las siguientes condiciones:<\/p><ul data-start=\"1145\" data-end=\"1315\"><li data-start=\"1145\" data-end=\"1179\"><p data-start=\"1147\" data-end=\"1179\">Favor de respetar las instalaciones.<\/p><\/li><li data-start=\"1180\" data-end=\"1254\"><p data-start=\"1182\" data-end=\"1254\">No utilizar toallas de ba\u00f1o ni de playa para las mascotas. Se proporcionan toallas especiales.<\/p><\/li><li data-start=\"1255\" data-end=\"1289\"><p data-start=\"1257\" data-end=\"1289\">No subirlos a la cama.<\/p><\/li><li data-start=\"1290\" data-end=\"1315\"><p data-start=\"1292\" data-end=\"1315\">Recoger sus excrementos.<\/p><\/li><\/ul><p data-start=\"1317\" data-end=\"1496\"><strong data-start=\"1317\" data-end=\"1339\">Pol\u00edtica de no fumar:<\/strong> Casa Rhino es una propiedad libre de humo dentro de las habitaciones. Invitamos a los hu\u00e9spedes a fumar \u00fanicamente en \u00e1reas abiertas.<br data-start=\"1436\" data-end=\"1439\" \/>El incumplimiento puede generar cargos adicionales de limpieza.<\/p><hr data-start=\"1498\" data-end=\"1501\" \/><h3 data-start=\"1503\" data-end=\"1535\"><strong data-start=\"1510\" data-end=\"1533\">Pol\u00edtica de Cancelaci\u00f3n<\/strong><\/h3><p data-start=\"1537\" data-end=\"1694\">Esta pol\u00edtica establece los t\u00e9rminos de cancelaci\u00f3n aplicables a las reservas realizadas en Casa Rhino. Al confirmar su reserva, usted acepta las siguientes condiciones:<\/p><h4 data-start=\"1696\" data-end=\"1732\">2. Condiciones generales de cancelaci\u00f3n<\/h4><p data-start=\"1733\" data-end=\"1768\"><strong data-start=\"1733\" data-end=\"1766\">Cancelaciones con reembolso parcial:<\/strong><\/p><ul data-start=\"1769\" data-end=\"2110\"><li data-start=\"1769\" data-end=\"1876\"><p data-start=\"1771\" data-end=\"1876\">Cancelaciones realizadas con al menos 90 d\u00edas de anticipaci\u00f3n recibir\u00e1n un reembolso del 100% del dep\u00f3sito.<\/p><\/li><li data-start=\"1877\" data-end=\"1945\"><p data-start=\"1879\" data-end=\"1945\">Cancelaciones con 60 d\u00edas de anticipaci\u00f3n recibir\u00e1n un 50% de reembolso.<\/p><\/li><li data-start=\"1946\" data-end=\"2014\"><p data-start=\"1948\" data-end=\"2014\">Cancelaciones con 30 d\u00edas de anticipaci\u00f3n recibir\u00e1n un 25% de reembolso.<\/p><\/li><li data-start=\"2015\" data-end=\"2110\"><p data-start=\"2017\" data-end=\"2110\">Cancelaciones con menos de 15 d\u00edas de anticipaci\u00f3n no ser\u00e1n reembolsables, sin importar el motivo.<\/p><\/li><\/ul><h4 data-start=\"2112\" data-end=\"2152\">3. C\u00f3mo cancelar tu reserva<\/h4><p data-start=\"2153\" data-end=\"2263\"><strong data-start=\"2153\" data-end=\"2166\">Por correo electr\u00f3nico:<\/strong> Las solicitudes de cancelaci\u00f3n deben enviarse a <a class=\"cursor-pointer\" rel=\"noopener\" data-start=\"2205\" data-end=\"2260\">casarhinomex@gmail.com<\/a>.<\/p><p data-start=\"2265\" data-end=\"2422\"><strong data-start=\"2265\" data-end=\"2282\">Confirmaci\u00f3n:<\/strong> Una vez aprobada la cancelaci\u00f3n, se enviar\u00e1 un correo de confirmaci\u00f3n. Si no lo recibe en un plazo de 24 horas, cont\u00e1ctenos directamente.<\/p><h4 data-start=\"2424\" data-end=\"2459\">4. Modificaciones de la reserva<\/h4><p data-start=\"2460\" data-end=\"2747\">Los cambios en fechas de estancia, n\u00famero de hu\u00e9spedes u otros detalles est\u00e1n sujetos a disponibilidad y pueden implicar un ajuste en la tarifa. Le invitamos a contactarnos previamente.<br data-start=\"2605\" data-end=\"2608\" \/>No se aceptan visitas que no est\u00e9n registradas.<br data-start=\"2646\" data-end=\"2649\" \/>Ofrecemos un <strong data-start=\"2660\" data-end=\"2676\">day pass<\/strong> para invitados de los hu\u00e9spedes que deseen permanecer un m\u00e1ximo de 8 horas en la propiedad.<\/p><h4 data-start=\"2749\" data-end=\"2773\">5. Pol\u00edtica de no presentaci\u00f3n<\/h4><p data-start=\"2774\" data-end=\"2920\">En caso de no presentarse sin previo aviso, no se otorgar\u00e1 ning\u00fan reembolso.<br data-start=\"2841\" data-end=\"2844\" \/>Casa Rhino se reserva el derecho de liberar la propiedad a partir del d\u00eda siguiente.<\/p><h4 data-start=\"2922\" data-end=\"2939\">6. Reembolsos<\/h4><p data-start=\"2940\" data-end=\"3172\">Los reembolsos parciales (cuando apliquen) ser\u00e1n procesados en un plazo de 7 a 14 d\u00edas h\u00e1biles tras su validaci\u00f3n.<br data-start=\"3038\" data-end=\"3041\" \/>Se realizar\u00e1n a trav\u00e9s del mismo m\u00e9todo de pago utilizado en la reserva.<br data-start=\"3112\" data-end=\"3115\" \/>Los impuestos, cargos por servicio y otros extras no son reembolsables.<\/p><h4 data-start=\"3174\" data-end=\"3211\">7. Reservas no reembolsables<\/h4><p data-start=\"3212\" data-end=\"3309\">Algunas promociones especiales pueden tener la condici\u00f3n de ser no reembolsables. Esto se especificar\u00e1 durante el proceso de reserva.<\/p><h4 data-start=\"3311\" data-end=\"3328\">8. Contacto<\/h4><p data-start=\"3329\" data-end=\"3431\">Para dudas relacionadas con cancelaciones o cambios:<br data-start=\"3382\" data-end=\"3385\" \/>\ud83d\udce7 <a class=\"cursor-pointer\" rel=\"noopener\" data-start=\"3388\" data-end=\"3410\">casarhinomex@gmail.com<\/a><br data-start=\"3410\" data-end=\"3413\" \/>\ud83d\udcde +1 786-452-5799<\/p><h4 data-start=\"3433\" data-end=\"3457\">9. Cambios en la pol\u00edtica<\/h4><p data-start=\"3458\" data-end=\"3635\">Casa Rhino se reserva el derecho de modificar esta pol\u00edtica en cualquier momento. Los cambios ser\u00e1n efectivos tras su publicaci\u00f3n en el sitio web. Se recomienda revisar esta secci\u00f3n peri\u00f3dicamente.<\/p>\t\t\t\t\t\t\t\t<\/div>\n\t\t\t\t<\/div>\n\t\t\t\t\t<\/div>\n\t\t\t\t<\/div>\n\t\t\t\t<\/div>","protected":false},"excerpt":{"rendered":"<p>Terms &#038; Conditions Terms and Conditions \u2013 Casa Rhino 1. Introduction Welcome to Casa Rhino. By accessing our website or making a reservation, you agree to the following terms and conditions. We recommend reading them carefully before confirming your stay. 2. Reservations Reservation process: Once your booking is confirmed, you&#8230;<\/p>","protected":false},"author":1,"featured_media":0,"parent":0,"menu_order":0,"comment_status":"closed","ping_status":"closed","template":"elementor_header_footer","meta":{"footnotes":""},"class_list":["post-11127","page","type-page","status-publish","hentry"],"_links":{"self":[{"href":"https:\/\/casarhino.com\/es\/wp-json\/wp\/v2\/pages\/11127","targetHints":{"allow":["GET"]}}],"collection":[{"href":"https:\/\/casarhino.com\/es\/wp-json\/wp\/v2\/pages"}],"about":[{"href":"https:\/\/casarhino.com\/es\/wp-json\/wp\/v2\/types\/page"}],"author":[{"embeddable":true,"href":"https:\/\/casarhino.com\/es\/wp-json\/wp\/v2\/users\/1"}],"replies":[{"embeddable":true,"href":"https:\/\/casarhino.com\/es\/wp-json\/wp\/v2\/comments?post=11127"}],"version-history":[{"count":3,"href":"https:\/\/casarhino.com\/es\/wp-json\/wp\/v2\/pages\/11127\/revisions"}],"predecessor-version":[{"id":12913,"href":"https:\/\/casarhino.com\/es\/wp-json\/wp\/v2\/pages\/11127\/revisions\/12913"}],"wp:attachment":[{"href":"https:\/\/casarhino.com\/es\/wp-json\/wp\/v2\/media?parent=11127"}],"curies":[{"name":"wp","href":"https:\/\/api.w.org\/{rel}","templated":true}]}}